{"id":135,"date":"2023-12-26T14:28:51","date_gmt":"2023-12-26T14:28:51","guid":{"rendered":"https:\/\/reiseopa.com\/?page_id=135"},"modified":"2024-01-07T11:08:19","modified_gmt":"2024-01-07T11:08:19","slug":"stellplaetze-bezahlen","status":"publish","type":"page","link":"https:\/\/reiseopa.com\/home\/stellplaetze-bezahlen\/","title":{"rendered":"Stellpl\u00e4tze bezahlen"},"content":{"rendered":"\n<p>\u00dcberrasch, dass wir dieses Thema hier behandeln? K\u00f6nnte man sein, aber viele erfahrene Wohnmobilfahrer kennen das Problem. <\/p>\n\n\n\n<p class=\"has-text-align-left has-medium-font-size\"><strong>Kostenlose Pl\u00e4tze<\/strong> <\/p>\n\n\n\n<figure class=\"wp-block-image alignleft size-full is-resized\"><img fetchpriority=\"high\" decoding=\"async\" width=\"225\" height=\"225\" src=\"https:\/\/reiseopa.com\/wp-content\/uploads\/2023\/12\/parken.png\" alt=\"\" class=\"wp-image-138\" style=\"object-fit:cover;width:150px;height:auto\" srcset=\"https:\/\/reiseopa.com\/wp-content\/uploads\/2023\/12\/parken.png 225w, https:\/\/reiseopa.com\/wp-content\/uploads\/2023\/12\/parken-150x150.png 150w\" sizes=\"(max-width: 225px) 100vw, 225px\" \/><\/figure>\n\n\n\n<p class=\"has-text-align-left\">alles ist Gut. Keine Kosten, aber die Lage und Ausstattung sind nicht immer optimal. Auch werden viele Pl\u00e4tze die als Wohnmobilpl\u00e4tze auf \u00f6ffentlichen Parkpl\u00e4tzen ausgewiesen sind von PKW genutzt. Eine Ansprache endet h\u00e4ufig mit einem Streit. Da gibt es doch so einige Mitb\u00fcrger die das nicht verstehen k\u00f6nnen wenn Parkm\u00f6glichkeiten f\u00fcr Wohnmobile frei gehalten werden sollen. Au\u00dferdem fahren sehr viele Fahrzeuge die wie ein normaler Kastenwagen aussehen und sich dann gerne \u00fcber das Parkverbot f\u00fcr Wohnmobile und LKW hinweg setzten. F\u00fcr die Steuer ein Wohnmobil, beim Parken aber PKW. An vielen stark frequentierten Orten ist es leider nicht m\u00f6glich mit einem Wohnmobil einfach nur mal zu parken. Und auch das passiert, PKW d\u00fcrfen kostenlos parken, auch \u00fcber Nacht, Wohnmobile m\u00fcssen aber bezahlen.  <\/p>\n\n\n\n<p class=\"has-medium-font-size\"><strong>Bezahlen am Automaten<\/strong><\/p>\n\n\n\n<figure class=\"wp-block-image alignleft size-full is-resized\"><img decoding=\"async\" width=\"252\" height=\"200\" src=\"http:\/\/reiseopa.com\/wp-content\/uploads\/2023\/12\/automat.jpg\" alt=\"\" class=\"wp-image-141\" style=\"object-fit:cover;width:150px;height:150px\"\/><\/figure>\n\n\n\n<p class=\"has-text-align-left\">Automat kaputt<br>Automat nimmt nur M\u00fcnzen<br>Automat wechselt nicht<br>Bezahlung nur f\u00fcr eine Nacht<br>Parkscheinautomaten gibt es so viele verschiedene wie Orte in Deutschland. (gef\u00fchlt). Jede Menuef\u00fchrung ist anders. Dann gibt es Automaten die nur M\u00fcnzen nehmen. Andere nehmen auch Scheine geben aber kein R\u00fcckgeld. <\/p>\n\n\n\n<p class=\"has-medium-font-size\"><br><strong>Bezahlen mit Bankkarte<\/strong><\/p>\n\n\n\n<figure class=\"wp-block-image alignleft size-full is-resized\"><img decoding=\"async\" width=\"300\" height=\"168\" src=\"https:\/\/reiseopa.com\/wp-content\/uploads\/2023\/12\/Bankkarte.jpg\" alt=\"\" class=\"wp-image-148\" style=\"object-fit:cover;width:150px;height:150px\"\/><\/figure>\n\n\n\n<p><\/p>\n\n\n\n<p>siehe Automat, alles ist m\u00f6glich<\/p>\n\n\n\n<p>Wie bei den M\u00fcnzautomaten gibt es sehr viele verschiedene Menuef\u00fchrungen. Manchmal f\u00e4llt nur ein Teil der Funktion aus und man muss trotz der M\u00f6glichkeit mit Karte zu zahlen die M\u00fcnzen und Scheine herausholen. <\/p>\n\n\n\n<p> <br><\/p>\n\n\n\n<p class=\"has-medium-font-size\"><strong>Bezahlen bei dem Betreiber\/Inhaber des Stellplatzes<\/strong><\/p>\n\n\n\n<figure class=\"wp-block-image alignleft size-full is-resized\"><img loading=\"lazy\" decoding=\"async\" width=\"275\" height=\"183\" src=\"https:\/\/reiseopa.com\/wp-content\/uploads\/2023\/12\/bargeld2.jpg\" alt=\"\" class=\"wp-image-154\" style=\"object-fit:cover;width:150px;height:150px\"\/><\/figure>\n\n\n\n<p class=\"has-text-align-left\"><br>Kassiert wird zwischen &#8230; und &#8230; Uhr.. (wir sind unterwegs)<\/p>\n\n\n\n<p>Eigentlich keine schlechte L\u00f6sung, aber auch hier kann es zu Problemen kommen. Wir sind schon einmal auf einen Platz gekommen als der Platzwart schon da war und erst wieder kommen wollte als wir schon wieder weg sein wollten. Dann m\u00fcssen wir nach einer M\u00f6glichkeit suchen und die Geb\u00fchr f\u00fcr die \u00dcbernachtung bezahlen zu d\u00fcrfen. Die Zahlung erfolgt in der Regel bar. Also auch hier wenn m\u00f6glich gen\u00fcgend Kleingeld an Bord haben. <\/p>\n\n\n\n<p class=\"has-medium-font-size\"><br><strong>Bezahlen per App<\/strong><\/p>\n\n\n\n<figure class=\"wp-block-image alignleft size-full is-resized\"><img loading=\"lazy\" decoding=\"async\" width=\"225\" height=\"225\" src=\"https:\/\/reiseopa.com\/wp-content\/uploads\/2023\/12\/parknowpng-1.png\" alt=\"\" class=\"wp-image-149\" style=\"object-fit:cover;width:150px;height:150px\" srcset=\"https:\/\/reiseopa.com\/wp-content\/uploads\/2023\/12\/parknowpng-1.png 225w, https:\/\/reiseopa.com\/wp-content\/uploads\/2023\/12\/parknowpng-1-150x150.png 150w\" sizes=\"(max-width: 225px) 100vw, 225px\" \/><\/figure>\n\n\n\n<p>Tolle Idee, aber Achtung! Es fallen eventuell extra Geb\u00fchren an. Ja, das h\u00f6rt sich gut an und passt auch in die Zeit. Ja, es gibt einege \u00e4ltere Personenn die das nicht wollen, weil sie sich nicht so damit auskennen. Meistens ist die Zahlung per App aber nur eine von mehreren Optionen die Parkgeb\u00fchr zu entrichten. <br><br>Aber Achtung! Die verschiedenen Anbieter unterscheiden sich deutlich. ParkNow und easyPark erheben zus\u00e4tzliche Geb\u00fchren zu den eigentlichen Parkgeb\u00fchren. Bei Parkster wird dir eine Rechnung mit den Parkgeb\u00fchren per Mail \u00fcbersandt. Ohne weitere Geb\u00fchren kann das Parken bezahlt werden. Bei allen drei anbietern muss zus\u00e4tzlich zur App ein Konto angelegt werden, aber das kennt man ja nun schon.  <\/p>\n\n\n\n<p class=\"has-medium-font-size\"><br> <strong>Bezahlen f\u00fcr Account\/Mitgliedschaft<\/strong><\/p>\n\n\n\n<figure class=\"wp-block-image alignleft size-full is-resized\"><img loading=\"lazy\" decoding=\"async\" width=\"225\" height=\"225\" src=\"http:\/\/reiseopa.com\/wp-content\/uploads\/2023\/12\/acsi.png\" alt=\"\" class=\"wp-image-140\" style=\"object-fit:cover;width:150px;height:150px\" srcset=\"https:\/\/reiseopa.com\/wp-content\/uploads\/2023\/12\/acsi.png 225w, https:\/\/reiseopa.com\/wp-content\/uploads\/2023\/12\/acsi-150x150.png 150w\" sizes=\"(max-width: 225px) 100vw, 225px\" \/><\/figure>\n\n\n\n<p class=\"has-text-align-left\"><br> Mitgliedschaft bei acsi oder \u00e4hnlich&#8230;<br> Mitgliedschaft bei CampingCar Park<\/p>\n\n\n\n<p><br>Es gibt da so einige M\u00f6glichkeiten bei Landvergn\u00fcgen z.B. oder bei den Winzern. Hier kann man gegen Zahlung eines Beitrages (ca.30,00\u20ac pro Jahr) f\u00fcr eine Nacht bei den Betrieben die sich zusammengeschlossen haben kostenlos \u00fcbernachten. Meistens sind das kleine famili\u00e4r gef\u00fchrte Pl\u00e4tze. Bei einigen ist eine Buchung m\u00f6glich\/n\u00f6tig. <br>Bei der M\u00f6glichkeit mit ACSI erhalten Sie nach Entrichtung des Jahresbeitrages die M\u00f6glichkeit zu verg\u00fcnstigten Preisen auf Campingpl\u00e4tzen (und nur da) zu \u00fcbernachten. Wenn man wie wir eigentlich nicht auf Campingpl\u00e4tzen \u00fcbernachten m\u00f6chte, nicht die erste Wahl, aber trotzdem eine interessante M\u00f6glichkeit die Kosten f\u00fcr \u00dcbernachtungen im Blick zu behalten. <\/p>\n\n\n\n<p class=\"has-text-align-left has-medium-font-size\"><strong>Camping Car Park<\/strong><\/p>\n\n\n\n<figure class=\"wp-block-image alignleft size-full is-resized\"><img loading=\"lazy\" decoding=\"async\" width=\"225\" height=\"225\" src=\"http:\/\/reiseopa.com\/wp-content\/uploads\/2023\/12\/ccp.jpg\" alt=\"\" class=\"wp-image-142\" style=\"object-fit:cover;width:150px;height:150px\" srcset=\"https:\/\/reiseopa.com\/wp-content\/uploads\/2023\/12\/ccp.jpg 225w, https:\/\/reiseopa.com\/wp-content\/uploads\/2023\/12\/ccp-150x150.jpg 150w\" sizes=\"(max-width: 225px) 100vw, 225px\" \/><\/figure>\n\n\n\n<p class=\"has-text-align-left\">Camping Car Park &#8211; kommt aus Frankreich und ist einfach nur genial. Man erwirbt eine Mitgliedschaft\/er\u00f6ffnet ein Konto und erh\u00e4lt eine Karte. \u00dcber den Accout kannn Guthaben auf die Karte aufgeladen werden. Per App hat man seinen Account hervorragend im Blick. Alle Zahlungen sind sofort sichtbar. Es gibt inzwischen ca. 500 Pl\u00e4tze (meinstens in Frankreich) die mit CampingCarPark zusammenarbeiten. Alle Pl\u00e4tze sind mit einer Schranke versehen. Die Automatenn sind alle gleich. Man f\u00e4hrt vor die Schranke, h\u00e4lt die Karte an das Terminal und f\u00e4hrt auf den Platz. Beim Verlassen die gleiche Prozedur. Die Geb\u00fchren werden sofort vom Guthaben auf der Karte abgezogen. Kein Guthaben (nicht bezahlt) keine Ausfahrt. Das Guthaben verf\u00e4llt nicht und kann \u00fcber Jahre verbraucht werden. Wenn man bei CampingCarPark die Pr\u00e4mium Mitgliedschaft w\u00e4hlt, ca. 30,00 \u20ac pro Jahr. Kann man sogar freie Pl\u00e4tze Buchen, auch am selben Tag und so oft man will den Platz verlassen und dann wieder hinauf fahren. Eine zeitliche Begrenzung gibt es nicht. <br><br>                 <\/p>\n","protected":false},"excerpt":{"rendered":"<p>\u00dcberrasch, dass wir dieses Thema hier behandeln? K\u00f6nnte man sein, aber viele erfahrene Wohnmobilfahrer kennen das Problem. Kostenlose Pl\u00e4tze alles<\/p>\n","protected":false},"author":1,"featured_media":0,"parent":0,"menu_order":0,"comment_status":"open","ping_status":"closed","template":"","meta":{"colormag_page_container_layout":"default_layout","colormag_page_sidebar_layout":"default_layout","footnotes":""},"class_list":["post-135","page","type-page","status-publish","hentry"],"_links":{"self":[{"href":"https:\/\/reiseopa.com\/home\/wp-json\/wp\/v2\/pages\/135","targetHints":{"allow":["GET"]}}],"collection":[{"href":"https:\/\/reiseopa.com\/home\/wp-json\/wp\/v2\/pages"}],"about":[{"href":"https:\/\/reiseopa.com\/home\/wp-json\/wp\/v2\/types\/page"}],"author":[{"embeddable":true,"href":"https:\/\/reiseopa.com\/home\/wp-json\/wp\/v2\/users\/1"}],"replies":[{"embeddable":true,"href":"https:\/\/reiseopa.com\/home\/wp-json\/wp\/v2\/comments?post=135"}],"version-history":[{"count":36,"href":"https:\/\/reiseopa.com\/home\/wp-json\/wp\/v2\/pages\/135\/revisions"}],"predecessor-version":[{"id":460,"href":"https:\/\/reiseopa.com\/home\/wp-json\/wp\/v2\/pages\/135\/revisions\/460"}],"wp:attachment":[{"href":"https:\/\/reiseopa.com\/home\/wp-json\/wp\/v2\/media?parent=135"}],"curies":[{"name":"wp","href":"https:\/\/api.w.org\/{rel}","templated":true}]}}