{"id":133,"date":"2023-12-26T14:29:04","date_gmt":"2023-12-26T14:29:04","guid":{"rendered":"https:\/\/reiseopa.com\/?page_id=133"},"modified":"2025-06-12T10:17:53","modified_gmt":"2025-06-12T10:17:53","slug":"stellplaetze-finden","status":"publish","type":"page","link":"https:\/\/reiseopa.com\/home\/stellplaetze-finden\/","title":{"rendered":"Stellpl\u00e4tze finden&#8230;"},"content":{"rendered":"\n<p>Ja, so ganz einfach ist es nicht immer einen Stellplatz f\u00fcr die Nacht zu finden. Hierbei haben wir einige Helferein. Auch dies ist keine Empfehlung sondern nur eine Information dar\u00fcber wie wir zu unseren Stellpl\u00e4tzen finden. <br>In Sandinavien und auch in Deutschland darf man an vielen Stellen sein Wohnmobil abstellen. Skandinavien sagt, dass man gen\u00fcgend Abstand halten soll. Von H\u00e4useren, Tieren oder Einrichtungen. Auch in Spanien fahren viele Freisteher herum. Einsame Buchten oder andere Orte in der Natur sind nat\u00fcrlich immer ein Highlight. Aber man hat hier keine Ver- und Entsorgung und Strom ist sowieso nicht vorhanden. Viele haben dann auch noch einfach den M\u00fcll liegen gelassen, das Grauwassser mal eben weg laufen lassen und anstatt auf die im Wohnmobil vorhandene Toilette einfach in die Gegend geka&#8230;.<br>Das kommt nat\u00fcrlich nicht so gut an um es mal vorsichtig zu formulieren. Ist auf einem privaten Grundst\u00fcck Platz und der Besitzer erlaubt es kann man dort so lange stehen wie es erlaubt ist. Grunds\u00e4tzlich sehen wir folgende M\u00f6glichkeiten mit dem Wohnmobil zu \u00fcbernachten. <br>1. normaler Parkplatz ohne Einschr\u00e4nkungen<br>   keine Ver- und Entsorgung<br>2. Stellplatz<br>   extra angelegte und ausgewiesene Pl\u00e4tze f\u00fcr Wohnmobile zum Teil mit Strom und einer Ver- und Entsorgung<br>3. Campingplatz<br>   oftmals Saisonal ge\u00f6ffnete Pl\u00e4tze auch f\u00fcr Wohnwagen. Es sollten Toiletten, Strom und eine Ent- und Versorgungsanlage vorhanden sein. <\/p>\n\n\n\n<p>Unsere Helferlein sind: Stellplatz Radar, Park4night und CampingCar. Diese drei Apps sind alle kostenlos und k\u00f6nnen uneingeschr\u00e4nkt genutzt werden. Dar\u00fcberhinaus gibt es noch viele andere die wir nicht nutzen. <\/p>\n\n\n\n<p class=\"has-large-font-size\"><strong>Stellplatz Radar<\/strong><\/p>\n\n\n\n<figure class=\"wp-block-image alignleft size-full is-resized\"><img fetchpriority=\"high\" decoding=\"async\" width=\"225\" height=\"225\" src=\"http:\/\/reiseopa.com\/wp-content\/uploads\/2023\/12\/Stellplatzradar.png\" alt=\"\" class=\"wp-image-246\" style=\"object-fit:cover;width:150px;height:150px\" srcset=\"https:\/\/reiseopa.com\/wp-content\/uploads\/2023\/12\/Stellplatzradar.png 225w, https:\/\/reiseopa.com\/wp-content\/uploads\/2023\/12\/Stellplatzradar-150x150.png 150w\" sizes=\"(max-width: 225px) 100vw, 225px\" \/><\/figure>\n\n\n\n<p>Der alte Bordatlas war fr\u00fcher mal unsere Begleiter. Heute machen wir das per App. In dieser App werden Stellpl\u00e4tze, Campingpl\u00e4tze und auch als Wohnmobilpl\u00e4tze ausgewiesene Pl\u00e4tze angezeigt. Auch kleine Pl\u00e4tze mit 1, 2 oder nur 3 Stellfl\u00e4chen kann man hier finden. Viele Pl\u00e4tze wurden auch schon \u00fcberpr\u00fcft. Die Daten sind meistens aktuell. Die Lage und Ausstattung sind beschrieben. Au\u00dferdem k\u00f6nnen die Nutzer eine Bewertung abgeben. Die App ist kostenlos. Es gibt auch eine Pro Version f\u00fcr 9,00 \u20ac im Jahr. Hier ist dann weniger Werbung zu sehen.<br>Update 12.06.2025: Seit einier Zeit ist eine neue Version auf dem Markt. Sie funktioniert nicht mehr so wie fr\u00fcher. Wir benutzen sie nur noch sleten. <br><\/p>\n\n\n\n<p><\/p>\n\n\n\n<p class=\"has-large-font-size\"><strong>Park4night<\/strong><\/p>\n\n\n\n<figure class=\"wp-block-image alignleft size-full is-resized\"><img decoding=\"async\" width=\"225\" height=\"225\" src=\"http:\/\/reiseopa.com\/wp-content\/uploads\/2023\/12\/park4night.jpg\" alt=\"\" class=\"wp-image-245\" style=\"object-fit:cover;width:150px;height:150px\" srcset=\"https:\/\/reiseopa.com\/wp-content\/uploads\/2023\/12\/park4night.jpg 225w, https:\/\/reiseopa.com\/wp-content\/uploads\/2023\/12\/park4night-150x150.jpg 150w\" sizes=\"(max-width: 225px) 100vw, 225px\" \/><\/figure>\n\n\n\n<p>Diese App nutzen wir ebenfalls. Wie auch bei Stellplatzradar sind alle Camping- und Stellpl\u00e4tze vorhanden. Zus\u00e4tzlich sind hier aber auch viele Parkpl\u00e4tze verzeichnet. Einen neuen Platz k\u00f6nnen angemeldete Nutzer anlegen und der ist dann schnell f\u00fcr alle anderen auch sichtbar. Aber&#8230; eine abgelegene Lichtung in einem Wald bei XY hilft dann oftmals auch nicht weiter. Hinzu kommt, dass diese &#8222;wilden&#8220; Pl\u00e4tze wenn sie zu h\u00e4ufig frequentiert werden und dann auch noch sch\u00e4big hinterlassen werden sofort von den zust\u00e4ndigen Beh\u00f6rden wieder geschlossen werden. Bzw. es werden sch\u00f6ne Hinweise aufgestellt, dass Wohnmobile nicht erw\u00fcnscht sind. In der N\u00e4he von Campingpl\u00e4tzen kann es dann schon einmal vorkommen, dass man als unerw\u00fcnscht erkl\u00e4rt wird, weil ja der Campingplatz in der N\u00e4he ist. (mein Gef\u00fchl).  <\/p>\n\n\n\n<p class=\"has-large-font-size\"><strong>CamingCar Park<\/strong><\/p>\n\n\n\n<figure class=\"wp-block-image alignleft size-full is-resized\"><img decoding=\"async\" width=\"225\" height=\"225\" src=\"http:\/\/reiseopa.com\/wp-content\/uploads\/2023\/12\/ccp.jpg\" alt=\"\" class=\"wp-image-142\" style=\"object-fit:cover;width:150px;height:150px\" srcset=\"https:\/\/reiseopa.com\/wp-content\/uploads\/2023\/12\/ccp.jpg 225w, https:\/\/reiseopa.com\/wp-content\/uploads\/2023\/12\/ccp-150x150.jpg 150w\" sizes=\"(max-width: 225px) 100vw, 225px\" \/><\/figure>\n\n\n\n<p class=\"has-text-align-left\">Dieses System kommt aus Frankreich. In der App kann man nur die Pl\u00e4tze von CCP sehen. Alle anderen nicht. Aber im gegenteil zu den beiden oben genannten sind auch die noch freien Pl\u00e4tze angegeben. Als Pro Mitglied kann man dann meistens die noch freien Pl\u00e4tze buchen. F\u00e4hrt also nicht umsonst einen Platz an um dann fest zu stellen, dass nichts mehr frei ist. Wir haben die in Frankreich oft und gerne genutzt. Einige Pl\u00e4tze gibt es auch schon in Belgien, Spanien und sogar in Deutschland. <\/p>\n\n\n\n<p><\/p>\n\n\n\n<p class=\"has-large-font-size\"><strong>Camping App<\/strong><\/p>\n\n\n\n<figure class=\"wp-block-image alignleft size-full is-resized\"><img loading=\"lazy\" decoding=\"async\" width=\"225\" height=\"225\" src=\"https:\/\/reiseopa.com\/wp-content\/uploads\/2025\/06\/Campingapp.png\" alt=\"\" class=\"wp-image-524\" style=\"object-fit:cover;width:150px;height:150px\" srcset=\"https:\/\/reiseopa.com\/wp-content\/uploads\/2025\/06\/Campingapp.png 225w, https:\/\/reiseopa.com\/wp-content\/uploads\/2025\/06\/Campingapp-150x150.png 150w\" sizes=\"(max-width: 225px) 100vw, 225px\" \/><\/figure>\n\n\n\n<p><\/p>\n\n\n\n<p class=\"has-text-align-left\">Seit einiger Zeit benutzen wir auch hin und wieder die CampingApp aus Schweden. Man kann sie zwar auch kostenlos nutzen, aber der einmalige Preis betr\u00e4gt 12,99 \u20ac. Daf\u00fcr kann man die App mit allen Funktionen nutzen. In dieser App werden auch nicht nur Camping- und Stellpl\u00e4tze angezeigt. Es werden auch Parkpl\u00e4tze zur \u00dcbernachtung angezeigt. . <\/p>\n\n\n\n<p class=\"has-white-color has-text-color has-link-color has-large-font-size wp-elements-f380fc76ca082a0fe2f9f4775f42fe85\"><strong>Camping Contact<\/strong><\/p>\n\n\n\n<div class=\"wp-block-group is-nowrap is-layout-flex wp-container-core-group-is-layout-6c531013 wp-block-group-is-layout-flex\">\n<p class=\"has-text-align-left has-large-font-size\"><strong>Camping Contact<\/strong><\/p>\n\n\n\n<p><\/p>\n<\/div>\n\n\n\n<figure class=\"wp-block-image alignleft size-full is-resized\"><img loading=\"lazy\" decoding=\"async\" width=\"225\" height=\"225\" src=\"https:\/\/reiseopa.com\/wp-content\/uploads\/2025\/06\/Campercontact.png\" alt=\"\" class=\"wp-image-529\" style=\"object-fit:cover;width:150px;height:150px\" srcset=\"https:\/\/reiseopa.com\/wp-content\/uploads\/2025\/06\/Campercontact.png 225w, https:\/\/reiseopa.com\/wp-content\/uploads\/2025\/06\/Campercontact-150x150.png 150w\" sizes=\"(max-width: 225px) 100vw, 225px\" \/><\/figure>\n\n\n\n<p class=\"has-text-align-left\">Diese App ist in Holland weit verbreitet. Auch hier gibt es eine kostenlose Version und eine kostenpflichtige Pro Version. Mit diesser App kann man auf angeschlossenen Pl\u00e4tzen buchen und auch bezahlen und einchecken. Kein langes suchen nach Automaten und Kleingeld oder Karte, einfach alles per App. <br>Man kann auch in der App nach selbst bestimmten Kriterien die Pl\u00e4tze aussuchen. Die &#8222;Pro Version&#8220; kostet 4,99 \u20ac im Monat, 9,99 \u20ac im Quartal oder 13,99 \u20ac im Jahr. (Stand 12.06.2025)<\/p>\n\n\n\n<p><\/p>\n","protected":false},"excerpt":{"rendered":"<p>Ja, so ganz einfach ist es nicht immer einen Stellplatz f\u00fcr die Nacht zu finden. Hierbei haben wir einige Helferein.<\/p>\n","protected":false},"author":1,"featured_media":0,"parent":0,"menu_order":0,"comment_status":"open","ping_status":"closed","template":"","meta":{"colormag_page_container_layout":"default_layout","colormag_page_sidebar_layout":"default_layout","footnotes":""},"class_list":["post-133","page","type-page","status-publish","hentry"],"_links":{"self":[{"href":"https:\/\/reiseopa.com\/home\/wp-json\/wp\/v2\/pages\/133","targetHints":{"allow":["GET"]}}],"collection":[{"href":"https:\/\/reiseopa.com\/home\/wp-json\/wp\/v2\/pages"}],"about":[{"href":"https:\/\/reiseopa.com\/home\/wp-json\/wp\/v2\/types\/page"}],"author":[{"embeddable":true,"href":"https:\/\/reiseopa.com\/home\/wp-json\/wp\/v2\/users\/1"}],"replies":[{"embeddable":true,"href":"https:\/\/reiseopa.com\/home\/wp-json\/wp\/v2\/comments?post=133"}],"version-history":[{"count":32,"href":"https:\/\/reiseopa.com\/home\/wp-json\/wp\/v2\/pages\/133\/revisions"}],"predecessor-version":[{"id":560,"href":"https:\/\/reiseopa.com\/home\/wp-json\/wp\/v2\/pages\/133\/revisions\/560"}],"wp:attachment":[{"href":"https:\/\/reiseopa.com\/home\/wp-json\/wp\/v2\/media?parent=133"}],"curies":[{"name":"wp","href":"https:\/\/api.w.org\/{rel}","templated":true}]}}