{"id":110,"date":"2023-12-26T11:45:58","date_gmt":"2023-12-26T11:45:58","guid":{"rendered":"https:\/\/reiseopa.com\/?page_id=110"},"modified":"2025-06-06T14:54:49","modified_gmt":"2025-06-06T14:54:49","slug":"reisen-2024","status":"publish","type":"page","link":"https:\/\/reiseopa.com\/home\/reisen-2024\/","title":{"rendered":"Reisen 2024"},"content":{"rendered":"\n<p>Hallo, ja wir sind wieder auf Tour.  Hier findet Ihr unsere Touren aus dem Jahr 2024.<\/p>\n\n\n\n<p><\/p>\n\n\n\n<p>Geplant ist zun\u00e4chst ein Aufenthalt in Spanien. Der soll bis ca. Mitte April dauern. Dann sind noch Italien und eventuell auch Berlin f\u00fcr ein paar Tage geplant bevor wir dann vielleicht Mitte Oktober wieder nach Spanien aufbrechen um dort zu \u00fcberwintern.<\/p>\n\n\n\n<p>Schauen wir mal wie sich das alles entwickelt. <\/p>\n\n\n\n<p><\/p>\n","protected":false},"excerpt":{"rendered":"<p>Hallo, ja wir sind wieder auf Tour. Hier findet Ihr unsere Touren aus dem Jahr 2024. Geplant ist zun\u00e4chst ein<\/p>\n","protected":false},"author":1,"featured_media":0,"parent":0,"menu_order":0,"comment_status":"closed","ping_status":"closed","template":"","meta":{"colormag_page_container_layout":"default_layout","colormag_page_sidebar_layout":"default_layout","footnotes":""},"class_list":["post-110","page","type-page","status-publish","hentry"],"_links":{"self":[{"href":"https:\/\/reiseopa.com\/home\/wp-json\/wp\/v2\/pages\/110","targetHints":{"allow":["GET"]}}],"collection":[{"href":"https:\/\/reiseopa.com\/home\/wp-json\/wp\/v2\/pages"}],"about":[{"href":"https:\/\/reiseopa.com\/home\/wp-json\/wp\/v2\/types\/page"}],"author":[{"embeddable":true,"href":"https:\/\/reiseopa.com\/home\/wp-json\/wp\/v2\/users\/1"}],"replies":[{"embeddable":true,"href":"https:\/\/reiseopa.com\/home\/wp-json\/wp\/v2\/comments?post=110"}],"version-history":[{"count":2,"href":"https:\/\/reiseopa.com\/home\/wp-json\/wp\/v2\/pages\/110\/revisions"}],"predecessor-version":[{"id":496,"href":"https:\/\/reiseopa.com\/home\/wp-json\/wp\/v2\/pages\/110\/revisions\/496"}],"wp:attachment":[{"href":"https:\/\/reiseopa.com\/home\/wp-json\/wp\/v2\/media?parent=110"}],"curies":[{"name":"wp","href":"https:\/\/api.w.org\/{rel}","templated":true}]}}