{"id":107,"date":"2023-12-26T11:45:44","date_gmt":"2023-12-26T11:45:44","guid":{"rendered":"https:\/\/reiseopa.com\/?page_id=107"},"modified":"2025-06-06T15:02:53","modified_gmt":"2025-06-06T15:02:53","slug":"stellplaetze","status":"publish","type":"page","link":"https:\/\/reiseopa.com\/home\/stellplaetze\/","title":{"rendered":"Stellpl\u00e4tze"},"content":{"rendered":"\n<p>W\u00e4hrend man von A nach B reist benutzt man die \u00f6ffentlichen Stra\u00dfen. Doch am Abend wir es spannend. Wo kann\/will man die Nacht verbringen? <br>Das Reisen mit einem Wohnmobil (auch Camper genannt) kann auch mal spannend oder aufregent sein. Man darf ja fast \u00fcberall fahren wenn die Benutzung der Stra\u00dfe nicht reglementiert ist. Wenn die Breite ausreicht, die H\u00f6he hoch genug ist und das Gewicht stimmt. <br>Jetzt ergeben sich doch so einige Fragen. Wo will ich \u00fcbernachten? Auf einem Parkplatz? Auf einem Stellplatz? Auf einem Campingplatz? Ist dieser zur Zeit nutzbar, weil geschlossen oder voll? Darf ich \u00fcberhaupt an der Stra\u00dfe anhalten und dort einfach so \u00fcbernachten? <br>Wir versuchen das zu erkl\u00e4ren. <\/p>\n\n\n\n<p><\/p>\n\n\n\n<p>Auf der Seite <strong>Stellpl\u00e4tze finden<\/strong> m\u00f6chten wir Ihnen einige &#8222;Hilfsmittel&#8220; vorstellen um geeignete Pl\u00e4tze zu finden. <\/p>\n\n\n\n<p>Auf der <strong>Seite Stellpl\u00e4tze bezahlen<\/strong> wird es auch noch mal spannend. Denn das ist wie man sich sicher vorstellen kann auch nicht immer einheitlich geregelt. <\/p>\n\n\n\n<p><\/p>\n","protected":false},"excerpt":{"rendered":"<p>W\u00e4hrend man von A nach B reist benutzt man die \u00f6ffentlichen Stra\u00dfen. Doch am Abend wir es spannend. Wo kann\/will<\/p>\n","protected":false},"author":1,"featured_media":0,"parent":0,"menu_order":0,"comment_status":"closed","ping_status":"closed","template":"","meta":{"colormag_page_container_layout":"default_layout","colormag_page_sidebar_layout":"default_layout","footnotes":""},"class_list":["post-107","page","type-page","status-publish","hentry"],"_links":{"self":[{"href":"https:\/\/reiseopa.com\/home\/wp-json\/wp\/v2\/pages\/107","targetHints":{"allow":["GET"]}}],"collection":[{"href":"https:\/\/reiseopa.com\/home\/wp-json\/wp\/v2\/pages"}],"about":[{"href":"https:\/\/reiseopa.com\/home\/wp-json\/wp\/v2\/types\/page"}],"author":[{"embeddable":true,"href":"https:\/\/reiseopa.com\/home\/wp-json\/wp\/v2\/users\/1"}],"replies":[{"embeddable":true,"href":"https:\/\/reiseopa.com\/home\/wp-json\/wp\/v2\/comments?post=107"}],"version-history":[{"count":3,"href":"https:\/\/reiseopa.com\/home\/wp-json\/wp\/v2\/pages\/107\/revisions"}],"predecessor-version":[{"id":499,"href":"https:\/\/reiseopa.com\/home\/wp-json\/wp\/v2\/pages\/107\/revisions\/499"}],"wp:attachment":[{"href":"https:\/\/reiseopa.com\/home\/wp-json\/wp\/v2\/media?parent=107"}],"curies":[{"name":"wp","href":"https:\/\/api.w.org\/{rel}","templated":true}]}}